{"id":107,"date":"2023-03-31T10:50:29","date_gmt":"2023-03-31T10:50:29","guid":{"rendered":"https:\/\/webs.anubissolutions.es\/newdamarl\/producto\/pedalera-bomba-oleo-neumatica-da2116\/"},"modified":"2024-12-03T15:26:55","modified_gmt":"2024-12-03T15:26:55","slug":"pedalera-bomba-oleo-neumatica-da2116","status":"publish","type":"product","link":"https:\/\/www.damarl.com\/en\/product\/pedalera-bomba-oleo-neumatica-da2116\/","title":{"rendered":"Oleo-Pneumatic Pedal  Pump | DA2116"},"content":{"rendered":"<p><strong>Specifications:<\/strong><\/p>\n<ul>\n<li>Working pressure: 70MPa<\/li>\n<li>Oil tank: 1.6 L<\/li>\n<li>Net weight: 8.4 kg<\/li>\n<li>Oleo-pneumatic pump<\/li>\n<\/ul>","protected":false},"excerpt":{"rendered":"<p>Especificaciones: Presi\u00f3n de trabajo: 70MPa Dep\u00f3sito de aceite: 1,6 L Peso Neto: 8,4 kg Bomba-\u00f3leo-neum\u00e1tica<\/p>","protected":false},"featured_media":3930,"template":"","meta":{"_acf_changed":false,"_kad_post_transparent":"default","_kad_post_title":"","_kad_post_layout":"default","_kad_post_sidebar_id":"","_kad_post_content_style":"default","_kad_post_vertical_padding":"default","_kad_post_feature":"","_kad_post_feature_position":"","_kad_post_header":false,"_kad_post_footer":false,"_kad_post_classname":""},"product_brand":[],"product_cat":[86,100],"product_tag":[],"class_list":{"0":"post-107","1":"product","2":"type-product","3":"status-publish","4":"has-post-thumbnail","6":"product_cat-hidraulica-de-taller","7":"product_cat-utiles-hidraulicos","9":"first","10":"instock","11":"product-type-simple","12":"entry","13":"content-bg","14":"loop-entry"},"acf":[],"_links":{"self":[{"href":"https:\/\/www.damarl.com\/en\/wp-json\/wp\/v2\/product\/107","targetHints":{"allow":["GET"]}}],"collection":[{"href":"https:\/\/www.damarl.com\/en\/wp-json\/wp\/v2\/product"}],"about":[{"href":"https:\/\/www.damarl.com\/en\/wp-json\/wp\/v2\/types\/product"}],"wp:featuredmedia":[{"embeddable":true,"href":"https:\/\/www.damarl.com\/en\/wp-json\/wp\/v2\/media\/3930"}],"wp:attachment":[{"href":"https:\/\/www.damarl.com\/en\/wp-json\/wp\/v2\/media?parent=107"}],"wp:term":[{"taxonomy":"product_brand","embeddable":true,"href":"https:\/\/www.damarl.com\/en\/wp-json\/wp\/v2\/product_brand?post=107"},{"taxonomy":"product_cat","embeddable":true,"href":"https:\/\/www.damarl.com\/en\/wp-json\/wp\/v2\/product_cat?post=107"},{"taxonomy":"product_tag","embeddable":true,"href":"https:\/\/www.damarl.com\/en\/wp-json\/wp\/v2\/product_tag?post=107"}],"curies":[{"name":"wp","href":"https:\/\/api.w.org\/{rel}","templated":true}]}}