{"id":8696,"date":"2024-11-13T16:49:41","date_gmt":"2024-11-13T16:49:41","guid":{"rendered":"https:\/\/www.damarl.com\/?page_id=8696"},"modified":"2024-11-13T17:06:15","modified_gmt":"2024-11-13T17:06:15","slug":"noticias-blog","status":"publish","type":"page","link":"https:\/\/www.damarl.com\/en\/noticias-blog\/","title":{"rendered":"News"},"content":{"rendered":"<div data-elementor-type=\"wp-page\" data-elementor-id=\"8696\" class=\"elementor elementor-8696\" data-elementor-post-type=\"page\">\n\t\t\t\t\t\t<section class=\"elementor-section elementor-top-section elementor-element elementor-element-a327e97 elementor-section-height-min-height elementor-section-boxed elementor-section-height-default elementor-section-items-middle\" data-id=\"a327e97\" data-element_type=\"section\" data-settings=\"{&quot;background_background&quot;:&quot;classic&quot;}\">\n\t\t\t\t\t\t\t<div class=\"elementor-background-overlay\"><\/div>\n\t\t\t\t\t\t\t<div class=\"elementor-container elementor-column-gap-default\">\n\t\t\t\t\t<div class=\"elementor-column elementor-col-50 elementor-top-column elementor-element elementor-element-134ab76\" data-id=\"134ab76\" data-element_type=\"column\">\n\t\t\t<div class=\"elementor-widget-wrap elementor-element-populated\">\n\t\t\t\t\t\t<div class=\"elementor-element elementor-element-e4a5f0a elementor-widget elementor-widget-heading\" data-id=\"e4a5f0a\" data-element_type=\"widget\" data-widget_type=\"heading.default\">\n\t\t\t\t<div class=\"elementor-widget-container\">\n\t\t\t\t\t<h2 class=\"elementor-heading-title elementor-size-default\">News<br> <span style=\"color:white\">dama rl<\/span><\/h2>\t\t\t\t<\/div>\n\t\t\t\t<\/div>\n\t\t\t\t\t<\/div>\n\t\t<\/div>\n\t\t\t\t<div class=\"elementor-column elementor-col-50 elementor-top-column elementor-element elementor-element-5c625b5\" data-id=\"5c625b5\" data-element_type=\"column\">\n\t\t\t<div class=\"elementor-widget-wrap\">\n\t\t\t\t\t\t\t<\/div>\n\t\t<\/div>\n\t\t\t\t\t<\/div>\n\t\t<\/section>\n\t\t\t\t<section class=\"elementor-section elementor-top-section elementor-element elementor-element-434674e elementor-section-boxed elementor-section-height-default elementor-section-height-default\" data-id=\"434674e\" data-element_type=\"section\">\n\t\t\t\t\t\t<div class=\"elementor-container elementor-column-gap-default\">\n\t\t\t\t\t<div class=\"elementor-column elementor-col-100 elementor-top-column elementor-element elementor-element-7f9296a\" data-id=\"7f9296a\" data-element_type=\"column\">\n\t\t\t<div class=\"elementor-widget-wrap elementor-element-populated\">\n\t\t\t\t\t\t<div class=\"elementor-element elementor-element-3373601 elementor-grid-3 elementor-grid-tablet-2 elementor-grid-mobile-1 elementor-posts--thumbnail-top elementor-card-shadow-yes elementor-posts__hover-gradient elementor-widget elementor-widget-posts\" data-id=\"3373601\" data-element_type=\"widget\" data-settings=\"{&quot;cards_columns&quot;:&quot;3&quot;,&quot;cards_columns_tablet&quot;:&quot;2&quot;,&quot;cards_columns_mobile&quot;:&quot;1&quot;,&quot;cards_row_gap&quot;:{&quot;unit&quot;:&quot;px&quot;,&quot;size&quot;:35,&quot;sizes&quot;:[]},&quot;cards_row_gap_tablet&quot;:{&quot;unit&quot;:&quot;px&quot;,&quot;size&quot;:&quot;&quot;,&quot;sizes&quot;:[]},&quot;cards_row_gap_mobile&quot;:{&quot;unit&quot;:&quot;px&quot;,&quot;size&quot;:&quot;&quot;,&quot;sizes&quot;:[]}}\" data-widget_type=\"posts.cards\">\n\t\t\t\t<div class=\"elementor-widget-container\">\n\t\t\t\t\t\t\t<div class=\"elementor-posts-container elementor-posts elementor-posts--skin-cards elementor-grid\" role=\"list\">\n\t\t\t\t<article class=\"elementor-post elementor-grid-item post-10216 post type-post status-publish format-standard has-post-thumbnail hentry category-noticias\" role=\"listitem\">\n\t\t\t<div class=\"elementor-post__card\">\n\t\t\t\t<a class=\"elementor-post__thumbnail__link\" href=\"https:\/\/www.damarl.com\/en\/david-lopez-ceo-de-dama-rl-comparte-su-experiencia-en-enae\/\" tabindex=\"-1\"><div class=\"elementor-post__thumbnail\"><img fetchpriority=\"high\" decoding=\"async\" width=\"2048\" height=\"1536\" src=\"https:\/\/www.damarl.com\/wp-content\/uploads\/2025\/11\/suministros-dama-equipamiento-taller-5.webp\" class=\"attachment-full size-full wp-image-10222\" alt=\"\" srcset=\"https:\/\/www.damarl.com\/wp-content\/uploads\/2025\/11\/suministros-dama-equipamiento-taller-5.webp 2048w, https:\/\/www.damarl.com\/wp-content\/uploads\/2025\/11\/suministros-dama-equipamiento-taller-5-300x225.webp 300w, https:\/\/www.damarl.com\/wp-content\/uploads\/2025\/11\/suministros-dama-equipamiento-taller-5-1024x768.webp 1024w, https:\/\/www.damarl.com\/wp-content\/uploads\/2025\/11\/suministros-dama-equipamiento-taller-5-768x576.webp 768w, https:\/\/www.damarl.com\/wp-content\/uploads\/2025\/11\/suministros-dama-equipamiento-taller-5-1536x1152.webp 1536w, https:\/\/www.damarl.com\/wp-content\/uploads\/2025\/11\/suministros-dama-equipamiento-taller-5-16x12.webp 16w, https:\/\/www.damarl.com\/wp-content\/uploads\/2025\/11\/suministros-dama-equipamiento-taller-5-600x450.webp 600w, https:\/\/www.damarl.com\/wp-content\/uploads\/2025\/11\/suministros-dama-equipamiento-taller-5-64x48.webp 64w\" sizes=\"(max-width: 2048px) 100vw, 2048px\" title=\"\"><\/div><\/a>\n\t\t\t\t<div class=\"elementor-post__badge\">News<\/div>\n\t\t\t\t<div class=\"elementor-post__text\">\n\t\t\t\t<h3 class=\"elementor-post__title\">\n\t\t\t<a href=\"https:\/\/www.damarl.com\/en\/david-lopez-ceo-de-dama-rl-comparte-su-experiencia-en-enae\/\">\n\t\t\t\tDavid L\u00f3pez, CEO de Dama RL, comparte su experiencia en ENAE\t\t\t<\/a>\n\t\t<\/h3>\n\t\t\t\t<div class=\"elementor-post__excerpt\">\n\t\t\t<p>El CEO de Suministros Dama, David L\u00f3pez, ofreci\u00f3 una charla en ENAE Business School ante estudiantes, personas en b\u00fasqueda de empleo e interesados. Durante la<\/p>\n\t\t<\/div>\n\t\t\t\t<\/div>\n\t\t\t\t\t<\/div>\n\t\t<\/article>\n\t\t\t\t<article class=\"elementor-post elementor-grid-item post-10147 post type-post status-publish format-standard has-post-thumbnail hentry category-noticias\" role=\"listitem\">\n\t\t\t<div class=\"elementor-post__card\">\n\t\t\t\t<a class=\"elementor-post__thumbnail__link\" href=\"https:\/\/www.damarl.com\/en\/profesionales-de-alemania-y-holanda-se-forman-en-el-uso-de-los-nuevos-equipos-dama\/\" tabindex=\"-1\"><div class=\"elementor-post__thumbnail\"><img decoding=\"async\" width=\"1237\" height=\"929\" src=\"https:\/\/www.damarl.com\/wp-content\/uploads\/2025\/10\/formacion-equipos-dama.png\" class=\"attachment-full size-full wp-image-10148\" alt=\"\" srcset=\"https:\/\/www.damarl.com\/wp-content\/uploads\/2025\/10\/formacion-equipos-dama.png 1237w, https:\/\/www.damarl.com\/wp-content\/uploads\/2025\/10\/formacion-equipos-dama-300x225.png 300w, https:\/\/www.damarl.com\/wp-content\/uploads\/2025\/10\/formacion-equipos-dama-1024x769.png 1024w, https:\/\/www.damarl.com\/wp-content\/uploads\/2025\/10\/formacion-equipos-dama-768x577.png 768w, https:\/\/www.damarl.com\/wp-content\/uploads\/2025\/10\/formacion-equipos-dama-16x12.png 16w, https:\/\/www.damarl.com\/wp-content\/uploads\/2025\/10\/formacion-equipos-dama-600x451.png 600w, https:\/\/www.damarl.com\/wp-content\/uploads\/2025\/10\/formacion-equipos-dama-64x48.png 64w\" sizes=\"(max-width: 1237px) 100vw, 1237px\" title=\"\"><\/div><\/a>\n\t\t\t\t<div class=\"elementor-post__badge\">News<\/div>\n\t\t\t\t<div class=\"elementor-post__text\">\n\t\t\t\t<h3 class=\"elementor-post__title\">\n\t\t\t<a href=\"https:\/\/www.damarl.com\/en\/profesionales-de-alemania-y-holanda-se-forman-en-el-uso-de-los-nuevos-equipos-dama\/\">\n\t\t\t\tProfesionales de Alemania y Holanda se forman en el uso de los nuevos equipos Dama\t\t\t<\/a>\n\t\t<\/h3>\n\t\t\t\t<div class=\"elementor-post__excerpt\">\n\t\t\t<p>Profesionales de Werkstratt Service (Alemania) y Evers Equipment (Holanda) han participado durante tres d\u00edas en nuestra sede en una formaci\u00f3n t\u00e9cnica para la instalaci\u00f3n y<\/p>\n\t\t<\/div>\n\t\t\t\t<\/div>\n\t\t\t\t\t<\/div>\n\t\t<\/article>\n\t\t\t\t<article class=\"elementor-post elementor-grid-item post-10132 post type-post status-publish format-standard has-post-thumbnail hentry category-noticias\" role=\"listitem\">\n\t\t\t<div class=\"elementor-post__card\">\n\t\t\t\t<a class=\"elementor-post__thumbnail__link\" href=\"https:\/\/www.damarl.com\/en\/formacion-tecnica-para-la-instalacion-de-equipos-isotech-en-la-sede-de-suministros-dama\/\" tabindex=\"-1\"><div class=\"elementor-post__thumbnail\"><img decoding=\"async\" width=\"2560\" height=\"1772\" src=\"https:\/\/www.damarl.com\/wp-content\/uploads\/2025\/10\/P1130205-scaled.jpg\" class=\"attachment-full size-full wp-image-10133\" alt=\"\" srcset=\"https:\/\/www.damarl.com\/wp-content\/uploads\/2025\/10\/P1130205-scaled.jpg 2560w, https:\/\/www.damarl.com\/wp-content\/uploads\/2025\/10\/P1130205-300x208.jpg 300w, https:\/\/www.damarl.com\/wp-content\/uploads\/2025\/10\/P1130205-1024x709.jpg 1024w, https:\/\/www.damarl.com\/wp-content\/uploads\/2025\/10\/P1130205-768x532.jpg 768w, https:\/\/www.damarl.com\/wp-content\/uploads\/2025\/10\/P1130205-1536x1063.jpg 1536w, https:\/\/www.damarl.com\/wp-content\/uploads\/2025\/10\/P1130205-2048x1418.jpg 2048w, https:\/\/www.damarl.com\/wp-content\/uploads\/2025\/10\/P1130205-18x12.jpg 18w, https:\/\/www.damarl.com\/wp-content\/uploads\/2025\/10\/P1130205-600x415.jpg 600w, https:\/\/www.damarl.com\/wp-content\/uploads\/2025\/10\/P1130205-64x44.jpg 64w\" sizes=\"(max-width: 2560px) 100vw, 2560px\" title=\"\"><\/div><\/a>\n\t\t\t\t<div class=\"elementor-post__badge\">News<\/div>\n\t\t\t\t<div class=\"elementor-post__text\">\n\t\t\t\t<h3 class=\"elementor-post__title\">\n\t\t\t<a href=\"https:\/\/www.damarl.com\/en\/formacion-tecnica-para-la-instalacion-de-equipos-isotech-en-la-sede-de-suministros-dama\/\">\n\t\t\t\tFormaci\u00f3n t\u00e9cnica para la instalaci\u00f3n de equipos  en la sede de Suministros Dama\t\t\t<\/a>\n\t\t<\/h3>\n\t\t\t\t<div class=\"elementor-post__excerpt\">\n\t\t\t<p>Un a\u00f1o m\u00e1s, hemos acogido en nuestra sede la formaci\u00f3n t\u00e9cnica para la instalaci\u00f3n y mantenimiento de equipos. Basado en productos nuevos y soluciones en<\/p>\n\t\t<\/div>\n\t\t\t\t<\/div>\n\t\t\t\t\t<\/div>\n\t\t<\/article>\n\t\t\t\t<article class=\"elementor-post elementor-grid-item post-10124 post type-post status-publish format-standard has-post-thumbnail hentry category-patrocinios\" role=\"listitem\">\n\t\t\t<div class=\"elementor-post__card\">\n\t\t\t\t<a class=\"elementor-post__thumbnail__link\" href=\"https:\/\/www.damarl.com\/en\/isotech-nuevo-patrocinador-del-real-murcia\/\" tabindex=\"-1\"><div class=\"elementor-post__thumbnail\"><img loading=\"lazy\" decoding=\"async\" width=\"1600\" height=\"1066\" src=\"https:\/\/www.damarl.com\/wp-content\/uploads\/2025\/10\/RMU02814_reducida-1.jpg\" class=\"attachment-full size-full wp-image-10127\" alt=\"\" srcset=\"https:\/\/www.damarl.com\/wp-content\/uploads\/2025\/10\/RMU02814_reducida-1.jpg 1600w, https:\/\/www.damarl.com\/wp-content\/uploads\/2025\/10\/RMU02814_reducida-1-300x200.jpg 300w, https:\/\/www.damarl.com\/wp-content\/uploads\/2025\/10\/RMU02814_reducida-1-1024x682.jpg 1024w, https:\/\/www.damarl.com\/wp-content\/uploads\/2025\/10\/RMU02814_reducida-1-768x512.jpg 768w, https:\/\/www.damarl.com\/wp-content\/uploads\/2025\/10\/RMU02814_reducida-1-1536x1023.jpg 1536w, https:\/\/www.damarl.com\/wp-content\/uploads\/2025\/10\/RMU02814_reducida-1-18x12.jpg 18w, https:\/\/www.damarl.com\/wp-content\/uploads\/2025\/10\/RMU02814_reducida-1-600x400.jpg 600w, https:\/\/www.damarl.com\/wp-content\/uploads\/2025\/10\/RMU02814_reducida-1-64x43.jpg 64w\" sizes=\"(max-width: 1600px) 100vw, 1600px\" title=\"\"><\/div><\/a>\n\t\t\t\t<div class=\"elementor-post__badge\">SPONSORSHIP<\/div>\n\t\t\t\t<div class=\"elementor-post__text\">\n\t\t\t\t<h3 class=\"elementor-post__title\">\n\t\t\t<a href=\"https:\/\/www.damarl.com\/en\/isotech-nuevo-patrocinador-del-real-murcia\/\">\n\t\t\t\tISOTECH, nuevo patrocinador del Real Murcia\t\t\t<\/a>\n\t\t<\/h3>\n\t\t\t\t<div class=\"elementor-post__excerpt\">\n\t\t\t<p>El Real Murcia C.F. contar\u00e1 con ISOTECH como patrocinador oficial del club, en la apuesta de esta marca por los valores que encarna el equipo<\/p>\n\t\t<\/div>\n\t\t\t\t<\/div>\n\t\t\t\t\t<\/div>\n\t\t<\/article>\n\t\t\t\t<article class=\"elementor-post elementor-grid-item post-9481 post type-post status-publish format-standard has-post-thumbnail hentry category-noticias\" role=\"listitem\">\n\t\t\t<div class=\"elementor-post__card\">\n\t\t\t\t<a class=\"elementor-post__thumbnail__link\" href=\"https:\/\/www.damarl.com\/en\/suministros-dama-e-isotech-refuerzan-su-presencia-en-motortec-madrid-2025\/\" tabindex=\"-1\"><div class=\"elementor-post__thumbnail\"><img loading=\"lazy\" decoding=\"async\" width=\"1286\" height=\"694\" src=\"https:\/\/www.damarl.com\/wp-content\/uploads\/2025\/04\/motortec_dama_2025.jpg\" class=\"attachment-full size-full wp-image-9483\" alt=\"\" srcset=\"https:\/\/www.damarl.com\/wp-content\/uploads\/2025\/04\/motortec_dama_2025.jpg 1286w, https:\/\/www.damarl.com\/wp-content\/uploads\/2025\/04\/motortec_dama_2025-300x162.jpg 300w, https:\/\/www.damarl.com\/wp-content\/uploads\/2025\/04\/motortec_dama_2025-1024x553.jpg 1024w, https:\/\/www.damarl.com\/wp-content\/uploads\/2025\/04\/motortec_dama_2025-768x414.jpg 768w, https:\/\/www.damarl.com\/wp-content\/uploads\/2025\/04\/motortec_dama_2025-18x10.jpg 18w, https:\/\/www.damarl.com\/wp-content\/uploads\/2025\/04\/motortec_dama_2025-600x324.jpg 600w, https:\/\/www.damarl.com\/wp-content\/uploads\/2025\/04\/motortec_dama_2025-64x35.jpg 64w\" sizes=\"(max-width: 1286px) 100vw, 1286px\" title=\"\"><\/div><\/a>\n\t\t\t\t<div class=\"elementor-post__badge\">News<\/div>\n\t\t\t\t<div class=\"elementor-post__text\">\n\t\t\t\t<h3 class=\"elementor-post__title\">\n\t\t\t<a href=\"https:\/\/www.damarl.com\/en\/suministros-dama-e-isotech-refuerzan-su-presencia-en-motortec-madrid-2025\/\">\n\t\t\t\tSuministros DAMA and ISOTECH go from strength to strength at  Motortec Madrid 2025\t\t\t<\/a>\n\t\t<\/h3>\n\t\t\t\t<div class=\"elementor-post__excerpt\">\n\t\t\t<p>Discover the latest machines and tools for professional workshops.  Suministros DAMA is back, stronger than ever, at Motortec Madrid for its 5th<\/p>\n\t\t<\/div>\n\t\t\t\t<\/div>\n\t\t\t\t\t<\/div>\n\t\t<\/article>\n\t\t\t\t<article class=\"elementor-post elementor-grid-item post-9360 post type-post status-publish format-standard has-post-thumbnail hentry category-noticias\" role=\"listitem\">\n\t\t\t<div class=\"elementor-post__card\">\n\t\t\t\t<a class=\"elementor-post__thumbnail__link\" href=\"https:\/\/www.damarl.com\/en\/ad-partner-visita-nuestras-nuevas-instalaciones-en-corvera\/\" tabindex=\"-1\"><div class=\"elementor-post__thumbnail\"><img loading=\"lazy\" decoding=\"async\" width=\"1010\" height=\"698\" src=\"https:\/\/www.damarl.com\/wp-content\/uploads\/2025\/02\/ADPARTNER-8.png\" class=\"attachment-full size-full wp-image-9361\" alt=\"\" srcset=\"https:\/\/www.damarl.com\/wp-content\/uploads\/2025\/02\/ADPARTNER-8.png 1010w, https:\/\/www.damarl.com\/wp-content\/uploads\/2025\/02\/ADPARTNER-8-300x207.png 300w, https:\/\/www.damarl.com\/wp-content\/uploads\/2025\/02\/ADPARTNER-8-768x531.png 768w, https:\/\/www.damarl.com\/wp-content\/uploads\/2025\/02\/ADPARTNER-8-18x12.png 18w, https:\/\/www.damarl.com\/wp-content\/uploads\/2025\/02\/ADPARTNER-8-600x415.png 600w, https:\/\/www.damarl.com\/wp-content\/uploads\/2025\/02\/ADPARTNER-8-64x44.png 64w\" sizes=\"(max-width: 1010px) 100vw, 1010px\" title=\"\"><\/div><\/a>\n\t\t\t\t<div class=\"elementor-post__badge\">News<\/div>\n\t\t\t\t<div class=\"elementor-post__text\">\n\t\t\t\t<h3 class=\"elementor-post__title\">\n\t\t\t<a href=\"https:\/\/www.damarl.com\/en\/ad-partner-visita-nuestras-nuevas-instalaciones-en-corvera\/\">\n\t\t\t\tAD PARTNER visit our new premises in Corvera\t\t\t<\/a>\n\t\t<\/h3>\n\t\t\t\t<div class=\"elementor-post__excerpt\">\n\t\t\t<p>We were thrilled to be able to host AD PARTNER (Czech Republic) at DAMA's new premises in Corvera for a technical and commericial training course, in which we introduced the latest ISOTECH range.<\/p>\n\t\t<\/div>\n\t\t\t\t<\/div>\n\t\t\t\t\t<\/div>\n\t\t<\/article>\n\t\t\t\t<\/div>\n\t\t\n\t\t\t\t\t\t<\/div>\n\t\t\t\t<\/div>\n\t\t\t\t\t<\/div>\n\t\t<\/div>\n\t\t\t\t\t<\/div>\n\t\t<\/section>\n\t\t\t\t<\/div>","protected":false},"excerpt":{"rendered":"<p>Noticias dama rl<\/p>","protected":false},"author":1,"featured_media":0,"parent":0,"menu_order":0,"comment_status":"closed","ping_status":"closed","template":"","meta":{"_acf_changed":false,"_kad_post_transparent":"","_kad_post_title":"hide","_kad_post_layout":"fullwidth","_kad_post_sidebar_id":"","_kad_post_content_style":"unboxed","_kad_post_vertical_padding":"hide","_kad_post_feature":"hide","_kad_post_feature_position":"","_kad_post_header":false,"_kad_post_footer":false,"_kad_post_classname":"","footnotes":""},"class_list":["post-8696","page","type-page","status-publish","hentry"],"acf":[],"_links":{"self":[{"href":"https:\/\/www.damarl.com\/en\/wp-json\/wp\/v2\/pages\/8696","targetHints":{"allow":["GET"]}}],"collection":[{"href":"https:\/\/www.damarl.com\/en\/wp-json\/wp\/v2\/pages"}],"about":[{"href":"https:\/\/www.damarl.com\/en\/wp-json\/wp\/v2\/types\/page"}],"author":[{"embeddable":true,"href":"https:\/\/www.damarl.com\/en\/wp-json\/wp\/v2\/users\/1"}],"replies":[{"embeddable":true,"href":"https:\/\/www.damarl.com\/en\/wp-json\/wp\/v2\/comments?post=8696"}],"version-history":[{"count":0,"href":"https:\/\/www.damarl.com\/en\/wp-json\/wp\/v2\/pages\/8696\/revisions"}],"wp:attachment":[{"href":"https:\/\/www.damarl.com\/en\/wp-json\/wp\/v2\/media?parent=8696"}],"curies":[{"name":"wp","href":"https:\/\/api.w.org\/{rel}","templated":true}]}}