{"id":4564,"date":"2023-09-04T11:00:57","date_gmt":"2023-09-04T11:00:57","guid":{"rendered":"https:\/\/www.damarl.com\/?page_id=4564"},"modified":"2024-10-23T07:45:35","modified_gmt":"2024-10-23T07:45:35","slug":"acuerdo-para-asistencia-tecnica-remota","status":"publish","type":"page","link":"https:\/\/www.damarl.com\/en\/acuerdo-para-asistencia-tecnica-remota\/","title":{"rendered":"Agreement for Remote Technical Assistance"},"content":{"rendered":"<div data-elementor-type=\"wp-page\" data-elementor-id=\"4564\" class=\"elementor elementor-4564\" data-elementor-post-type=\"page\">\n\t\t\t\t\t\t<section class=\"elementor-section elementor-top-section elementor-element elementor-element-6e1d03c elementor-section-boxed elementor-section-height-default elementor-section-height-default\" data-id=\"6e1d03c\" data-element_type=\"section\" data-settings=\"{&quot;background_background&quot;:&quot;classic&quot;}\">\n\t\t\t\t\t\t<div class=\"elementor-container elementor-column-gap-default\">\n\t\t\t\t\t<div class=\"elementor-column elementor-col-50 elementor-top-column elementor-element elementor-element-2bf74f50\" data-id=\"2bf74f50\" data-element_type=\"column\">\n\t\t\t<div class=\"elementor-widget-wrap elementor-element-populated\">\n\t\t\t\t\t\t<div class=\"elementor-element elementor-element-2707cf2 elementor-widget elementor-widget-heading\" data-id=\"2707cf2\" data-element_type=\"widget\" data-widget_type=\"heading.default\">\n\t\t\t\t<div class=\"elementor-widget-container\">\n\t\t\t\t\t<h2 class=\"elementor-heading-title elementor-size-default\">Asistencia <br>t\u00e9cnica remota<br><span style=\"color:white\">condiciones<\/span><\/h2>\t\t\t\t<\/div>\n\t\t\t\t<\/div>\n\t\t\t\t\t<\/div>\n\t\t<\/div>\n\t\t\t\t<div class=\"elementor-column elementor-col-50 elementor-top-column elementor-element elementor-element-21ef8752\" data-id=\"21ef8752\" data-element_type=\"column\">\n\t\t\t<div class=\"elementor-widget-wrap\">\n\t\t\t\t\t\t\t<\/div>\n\t\t<\/div>\n\t\t\t\t\t<\/div>\n\t\t<\/section>\n\t\t\t\t<section class=\"elementor-section elementor-top-section elementor-element elementor-element-3b7d9b56 elementor-section-boxed elementor-section-height-default elementor-section-height-default\" data-id=\"3b7d9b56\" data-element_type=\"section\" data-settings=\"{&quot;background_background&quot;:&quot;classic&quot;}\">\n\t\t\t\t\t\t<div class=\"elementor-container elementor-column-gap-default\">\n\t\t\t\t\t<div class=\"elementor-column elementor-col-100 elementor-top-column elementor-element elementor-element-6b128cd8\" data-id=\"6b128cd8\" data-element_type=\"column\">\n\t\t\t<div class=\"elementor-widget-wrap elementor-element-populated\">\n\t\t\t\t\t\t<div class=\"elementor-element elementor-element-58842afe elementor-widget elementor-widget-heading\" data-id=\"58842afe\" data-element_type=\"widget\" data-widget_type=\"heading.default\">\n\t\t\t\t<div class=\"elementor-widget-container\">\n\t\t\t\t\t<h2 class=\"elementor-heading-title elementor-size-default\">Agreement for Remote Technical Assistance<\/h2>\t\t\t\t<\/div>\n\t\t\t\t<\/div>\n\t\t\t\t<div class=\"elementor-element elementor-element-25d0c462 elementor-widget elementor-widget-text-editor\" data-id=\"25d0c462\" data-element_type=\"widget\" data-widget_type=\"text-editor.default\">\n\t\t\t\t<div class=\"elementor-widget-container\">\n\t\t\t\t\t\t\t\t\t<p>Este acuerdo establece los t\u00e9rminos y condiciones para el uso de la aplicaci\u00f3n de asistencia t\u00e9cnica remota proporcionada por SUMINISTROS DAMA RL SPAIN. Al utilizar este servicio, el usuario acepta cumplir con estos t\u00e9rminos.<\/p><ol><li><p><strong>Aceptaci\u00f3n del Acuerdo<\/strong><br \/>Al descargar o utilizar la aplicaci\u00f3n, usted acepta los t\u00e9rminos descritos a continuaci\u00f3n. Si instala la aplicaci\u00f3n en nombre de terceros, debe asegurar que estos usuarios tambi\u00e9n comprendan y acepten los t\u00e9rminos.<\/p><\/li><li><p><strong>Limitaci\u00f3n de Responsabilidad<\/strong><br \/>SUMINISTROS DAMA RL SPAIN no ser\u00e1 responsable de da\u00f1os directos, indirectos, incidentales o consecuentes derivados del uso de la aplicaci\u00f3n, independientemente de que se haya advertido sobre la posibilidad de tales da\u00f1os. La empresa tampoco se responsabiliza por interrupciones, p\u00e9rdidas de datos o inexactitudes.<\/p><\/li><li><p><strong>Recolecci\u00f3n y Uso de Informaci\u00f3n<\/strong><br \/>La informaci\u00f3n recolectada a trav\u00e9s de la aplicaci\u00f3n se utilizar\u00e1 \u00fanicamente para proporcionar asistencia t\u00e9cnica al usuario. No se recopilar\u00e1n datos sensibles ni personales sin el consentimiento expl\u00edcito del usuario. Al proporcionar datos personales, el usuario consiente su uso para fines promocionales y comerciales, en cumplimiento con las normativas de privacidad aplicables.<\/p><\/li><li><p><strong>Indemnizaci\u00f3n<\/strong><br \/>El usuario acuerda indemnizar a SUMINISTROS DAMA RL SPAIN frente a cualquier reclamaci\u00f3n de terceros derivada del uso de la aplicaci\u00f3n.<\/p><\/li><li><p><strong>Modificaci\u00f3n del Acuerdo<\/strong><br \/>SUMINISTROS DAMA RL SPAIN se reserva el derecho a modificar los t\u00e9rminos del presente acuerdo en cualquier momento. Las modificaciones ser\u00e1n notificadas al usuario mediante la aplicaci\u00f3n.<\/p><\/li><\/ol>\t\t\t\t\t\t\t\t<\/div>\n\t\t\t\t<\/div>\n\t\t\t\t\t<\/div>\n\t\t<\/div>\n\t\t\t\t\t<\/div>\n\t\t<\/section>\n\t\t\t\t<\/div>","protected":false},"excerpt":{"rendered":"<p>Asistencia t\u00e9cnica remotacondiciones Acuerdo para Asistencia T\u00e9cnica Remota Este acuerdo establece los t\u00e9rminos y condiciones para el uso de la aplicaci\u00f3n de asistencia t\u00e9cnica remota proporcionada por SUMINISTROS DAMA RL SPAIN. Al utilizar este servicio, el usuario acepta cumplir con estos t\u00e9rminos. Aceptaci\u00f3n del AcuerdoAl descargar o utilizar la aplicaci\u00f3n, usted acepta los t\u00e9rminos descritos&#8230;<\/p>","protected":false},"author":1,"featured_media":0,"parent":0,"menu_order":0,"comment_status":"closed","ping_status":"closed","template":"elementor_header_footer","meta":{"_acf_changed":false,"_kad_post_transparent":"","_kad_post_title":"","_kad_post_layout":"","_kad_post_sidebar_id":"","_kad_post_content_style":"","_kad_post_vertical_padding":"","_kad_post_feature":"","_kad_post_feature_position":"","_kad_post_header":false,"_kad_post_footer":false,"_kad_post_classname":"","footnotes":""},"class_list":["post-4564","page","type-page","status-publish","hentry"],"acf":[],"_links":{"self":[{"href":"https:\/\/www.damarl.com\/en\/wp-json\/wp\/v2\/pages\/4564","targetHints":{"allow":["GET"]}}],"collection":[{"href":"https:\/\/www.damarl.com\/en\/wp-json\/wp\/v2\/pages"}],"about":[{"href":"https:\/\/www.damarl.com\/en\/wp-json\/wp\/v2\/types\/page"}],"author":[{"embeddable":true,"href":"https:\/\/www.damarl.com\/en\/wp-json\/wp\/v2\/users\/1"}],"replies":[{"embeddable":true,"href":"https:\/\/www.damarl.com\/en\/wp-json\/wp\/v2\/comments?post=4564"}],"version-history":[{"count":0,"href":"https:\/\/www.damarl.com\/en\/wp-json\/wp\/v2\/pages\/4564\/revisions"}],"wp:attachment":[{"href":"https:\/\/www.damarl.com\/en\/wp-json\/wp\/v2\/media?parent=4564"}],"curies":[{"name":"wp","href":"https:\/\/api.w.org\/{rel}","templated":true}]}}