{"id":3587,"date":"2023-04-03T15:08:22","date_gmt":"2023-04-03T15:08:22","guid":{"rendered":"https:\/\/webs.anubissolutions.es\/newdamarl\/?page_id=3587"},"modified":"2024-10-22T13:34:52","modified_gmt":"2024-10-22T13:34:52","slug":"herramientas","status":"publish","type":"page","link":"https:\/\/www.damarl.com\/en\/herramientas\/","title":{"rendered":"Tools"},"content":{"rendered":"<div data-elementor-type=\"wp-page\" data-elementor-id=\"3587\" class=\"elementor elementor-3587\" data-elementor-post-type=\"page\">\n\t\t\t\t\t\t<section class=\"elementor-section elementor-top-section elementor-element elementor-element-10f2dbb elementor-section-boxed elementor-section-height-default elementor-section-height-default\" data-id=\"10f2dbb\" data-element_type=\"section\" data-settings=\"{&quot;background_background&quot;:&quot;classic&quot;}\">\n\t\t\t\t\t\t<div class=\"elementor-container elementor-column-gap-default\">\n\t\t\t\t\t<div class=\"elementor-column elementor-col-100 elementor-top-column elementor-element elementor-element-28d5724\" data-id=\"28d5724\" data-element_type=\"column\">\n\t\t\t<div class=\"elementor-widget-wrap elementor-element-populated\">\n\t\t\t\t\t\t<div class=\"elementor-element elementor-element-3b3e75e elementor-widget elementor-widget-heading\" data-id=\"3b3e75e\" data-element_type=\"widget\" data-widget_type=\"heading.default\">\n\t\t\t\t<div class=\"elementor-widget-container\">\n\t\t\t\t\t<h2 class=\"elementor-heading-title elementor-size-default\">Professional workshop tools<\/h2>\t\t\t\t<\/div>\n\t\t\t\t<\/div>\n\t\t\t\t<div class=\"elementor-element elementor-element-5d6cdb9 elementor-widget elementor-widget-text-editor\" data-id=\"5d6cdb9\" data-element_type=\"widget\" data-widget_type=\"text-editor.default\">\n\t\t\t\t<div class=\"elementor-widget-container\">\n\t\t\t\t\t\t\t\t\t<p>Mobiliario de Taller \u2022 Hidr\u00e1ulica \u2022 Neum\u00e1tica \u2022 Lubricaci\u00f3n\u00a0<\/p><p>\u2022 Equipos de Lubricaci\u00f3n \u2022 Equipamiento de Taller\u2022 Herramienta y Accesorios de Cami\u00f3n \u2022 Iluminaci\u00f3n de taller<\/p>\t\t\t\t\t\t\t\t<\/div>\n\t\t\t\t<\/div>\n\t\t\t\t\t<\/div>\n\t\t<\/div>\n\t\t\t\t\t<\/div>\n\t\t<\/section>\n\t\t<div class=\"elementor-element elementor-element-f0a2aa4 e-flex e-con-boxed e-con e-parent\" data-id=\"f0a2aa4\" data-element_type=\"container\">\n\t\t\t\t\t<div class=\"e-con-inner\">\n\t\t<div class=\"elementor-element elementor-element-cfc5342 e-con-full e-flex e-con e-child\" data-id=\"cfc5342\" data-element_type=\"container\">\n\t\t\t\t<div class=\"elementor-element elementor-element-53e2e6d elementor-cta--skin-cover elementor-widget elementor-widget-call-to-action\" data-id=\"53e2e6d\" data-element_type=\"widget\" data-widget_type=\"call-to-action.default\">\n\t\t\t\t<div class=\"elementor-widget-container\">\n\t\t\t\t\t\t\t<div class=\"elementor-cta\">\n\t\t\t\t\t<div class=\"elementor-cta__bg-wrapper\">\n\t\t\t\t<div class=\"elementor-cta__bg elementor-bg\" style=\"background-image: url(https:\/\/www.damarl.com\/wp-content\/uploads\/2023\/07\/BANNER_MOBILIARIO-TALLER-1536x480.jpg);\" role=\"img\" aria-label=\"BANNER_MOBILIARIO TALLER\"><\/div>\n\t\t\t\t<div class=\"elementor-cta__bg-overlay\"><\/div>\n\t\t\t<\/div>\n\t\t\t\t\t\t\t<div class=\"elementor-cta__content\">\n\t\t\t\t\n\t\t\t\t\t\t\t\t\t<h2 class=\"elementor-cta__title elementor-cta__content-item elementor-content-item\">\n\t\t\t\t\t\tmobiliario de taller\t\t\t\t\t<\/h2>\n\t\t\t\t\n\t\t\t\t\n\t\t\t\t\t\t\t\t\t<div class=\"elementor-cta__button-wrapper elementor-cta__content-item elementor-content-item\">\n\t\t\t\t\t<a class=\"elementor-cta__button elementor-button elementor-size-\" href=\"https:\/\/www.damarl.com\/en\/mobiliario-de-taller\/\">\n\t\t\t\t\t\tSee more\t\t\t\t\t<\/a>\n\t\t\t\t\t<\/div>\n\t\t\t\t\t\t\t<\/div>\n\t\t\t\t\t\t<\/div>\n\t\t\t\t\t\t<\/div>\n\t\t\t\t<\/div>\n\t\t\t\t<\/div>\n\t\t<div class=\"elementor-element elementor-element-e7dbaf0 e-con-full e-flex e-con e-child\" data-id=\"e7dbaf0\" data-element_type=\"container\">\n\t\t\t\t<div class=\"elementor-element elementor-element-164e8f8 elementor-cta--skin-cover elementor-widget elementor-widget-call-to-action\" data-id=\"164e8f8\" data-element_type=\"widget\" data-widget_type=\"call-to-action.default\">\n\t\t\t\t<div class=\"elementor-widget-container\">\n\t\t\t\t\t\t\t<div class=\"elementor-cta\">\n\t\t\t\t\t<div class=\"elementor-cta__bg-wrapper\">\n\t\t\t\t<div class=\"elementor-cta__bg elementor-bg\" style=\"background-image: url(https:\/\/www.damarl.com\/wp-content\/uploads\/2023\/08\/hidraulica-taller-1536x481.jpg);\" role=\"img\" aria-label=\"hidraulica-taller\"><\/div>\n\t\t\t\t<div class=\"elementor-cta__bg-overlay\"><\/div>\n\t\t\t<\/div>\n\t\t\t\t\t\t\t<div class=\"elementor-cta__content\">\n\t\t\t\t\n\t\t\t\t\t\t\t\t\t<h2 class=\"elementor-cta__title elementor-cta__content-item elementor-content-item\">\n\t\t\t\t\t\tHIDR\u00c1ULICA DE TALLER\t\t\t\t\t<\/h2>\n\t\t\t\t\n\t\t\t\t\n\t\t\t\t\t\t\t\t\t<div class=\"elementor-cta__button-wrapper elementor-cta__content-item elementor-content-item\">\n\t\t\t\t\t<a class=\"elementor-cta__button elementor-button elementor-size-\" href=\"https:\/\/www.damarl.com\/en\/hidraulica-de-taller\/\">\n\t\t\t\t\t\tSee more\t\t\t\t\t<\/a>\n\t\t\t\t\t<\/div>\n\t\t\t\t\t\t\t<\/div>\n\t\t\t\t\t\t<\/div>\n\t\t\t\t\t\t<\/div>\n\t\t\t\t<\/div>\n\t\t\t\t<\/div>\n\t\t\t\t\t<\/div>\n\t\t\t\t<\/div>\n\t\t<div class=\"elementor-element elementor-element-89c6790 e-flex e-con-boxed e-con e-parent\" data-id=\"89c6790\" data-element_type=\"container\">\n\t\t\t\t\t<div class=\"e-con-inner\">\n\t\t<div class=\"elementor-element elementor-element-38960d5 e-con-full e-flex e-con e-child\" data-id=\"38960d5\" data-element_type=\"container\">\n\t\t\t\t<div class=\"elementor-element elementor-element-f7e31e8 elementor-cta--skin-cover elementor-widget elementor-widget-call-to-action\" data-id=\"f7e31e8\" data-element_type=\"widget\" data-widget_type=\"call-to-action.default\">\n\t\t\t\t<div class=\"elementor-widget-container\">\n\t\t\t\t\t\t\t<div class=\"elementor-cta\">\n\t\t\t\t\t<div class=\"elementor-cta__bg-wrapper\">\n\t\t\t\t<div class=\"elementor-cta__bg elementor-bg\" style=\"background-image: url(https:\/\/www.damarl.com\/wp-content\/uploads\/2023\/08\/BANNER_NEUMATICA-1-1536x480.jpg);\" role=\"img\" aria-label=\"BANNER_NEUMATICA-1\"><\/div>\n\t\t\t\t<div class=\"elementor-cta__bg-overlay\"><\/div>\n\t\t\t<\/div>\n\t\t\t\t\t\t\t<div class=\"elementor-cta__content\">\n\t\t\t\t\n\t\t\t\t\t\t\t\t\t<h2 class=\"elementor-cta__title elementor-cta__content-item elementor-content-item\">\n\t\t\t\t\t\tneum\u00e1tica de taller\t\t\t\t\t<\/h2>\n\t\t\t\t\n\t\t\t\t\n\t\t\t\t\t\t\t\t\t<div class=\"elementor-cta__button-wrapper elementor-cta__content-item elementor-content-item\">\n\t\t\t\t\t<a class=\"elementor-cta__button elementor-button elementor-size-\" href=\"https:\/\/www.damarl.com\/en\/neumatica-de-taller\/\">\n\t\t\t\t\t\tSee more\t\t\t\t\t<\/a>\n\t\t\t\t\t<\/div>\n\t\t\t\t\t\t\t<\/div>\n\t\t\t\t\t\t<\/div>\n\t\t\t\t\t\t<\/div>\n\t\t\t\t<\/div>\n\t\t\t\t<\/div>\n\t\t<div class=\"elementor-element elementor-element-b712f98 e-con-full e-flex e-con e-child\" data-id=\"b712f98\" data-element_type=\"container\">\n\t\t\t\t<div class=\"elementor-element elementor-element-8c44a17 elementor-cta--skin-cover elementor-widget elementor-widget-call-to-action\" data-id=\"8c44a17\" data-element_type=\"widget\" data-widget_type=\"call-to-action.default\">\n\t\t\t\t<div class=\"elementor-widget-container\">\n\t\t\t\t\t\t\t<div class=\"elementor-cta\">\n\t\t\t\t\t<div class=\"elementor-cta__bg-wrapper\">\n\t\t\t\t<div class=\"elementor-cta__bg elementor-bg\" style=\"background-image: url(https:\/\/www.damarl.com\/wp-content\/uploads\/2023\/09\/BANNER_GAMA-ELECTRICA-1536x480.jpg);\" role=\"img\" aria-label=\"BANNER_GAMA-ELECTRICA\"><\/div>\n\t\t\t\t<div class=\"elementor-cta__bg-overlay\"><\/div>\n\t\t\t<\/div>\n\t\t\t\t\t\t\t<div class=\"elementor-cta__content\">\n\t\t\t\t\n\t\t\t\t\t\t\t\t\t<h2 class=\"elementor-cta__title elementor-cta__content-item elementor-content-item\">\n\t\t\t\t\t\tHERRAMIENTAS A BATER\u00cdA\t\t\t\t\t<\/h2>\n\t\t\t\t\n\t\t\t\t\n\t\t\t\t\t\t\t\t\t<div class=\"elementor-cta__button-wrapper elementor-cta__content-item elementor-content-item\">\n\t\t\t\t\t<a class=\"elementor-cta__button elementor-button elementor-size-\" href=\"https:\/\/www.damarl.com\/en\/herramientas-a-bateria\/\">\n\t\t\t\t\t\tSee more\t\t\t\t\t<\/a>\n\t\t\t\t\t<\/div>\n\t\t\t\t\t\t\t<\/div>\n\t\t\t\t\t\t<\/div>\n\t\t\t\t\t\t<\/div>\n\t\t\t\t<\/div>\n\t\t\t\t<\/div>\n\t\t\t\t\t<\/div>\n\t\t\t\t<\/div>\n\t\t<div class=\"elementor-element elementor-element-1cc5fd7 e-flex e-con-boxed e-con e-parent\" data-id=\"1cc5fd7\" data-element_type=\"container\">\n\t\t\t\t\t<div class=\"e-con-inner\">\n\t\t<div class=\"elementor-element elementor-element-125f137 e-con-full e-flex e-con e-child\" data-id=\"125f137\" data-element_type=\"container\">\n\t\t\t\t<div class=\"elementor-element elementor-element-c7b1219 elementor-cta--skin-cover elementor-widget elementor-widget-call-to-action\" data-id=\"c7b1219\" data-element_type=\"widget\" data-widget_type=\"call-to-action.default\">\n\t\t\t\t<div class=\"elementor-widget-container\">\n\t\t\t\t\t\t\t<div class=\"elementor-cta\">\n\t\t\t\t\t<div class=\"elementor-cta__bg-wrapper\">\n\t\t\t\t<div class=\"elementor-cta__bg elementor-bg\" style=\"background-image: url(https:\/\/www.damarl.com\/wp-content\/uploads\/2023\/08\/BANNER_ILUMINACION-1536x480.png);\" role=\"img\" aria-label=\"BANNER_ILUMINACION\"><\/div>\n\t\t\t\t<div class=\"elementor-cta__bg-overlay\"><\/div>\n\t\t\t<\/div>\n\t\t\t\t\t\t\t<div class=\"elementor-cta__content\">\n\t\t\t\t\n\t\t\t\t\t\t\t\t\t<h2 class=\"elementor-cta__title elementor-cta__content-item elementor-content-item\">\n\t\t\t\t\t\tILUMINACI\u00d3N DE TALLER\t\t\t\t\t<\/h2>\n\t\t\t\t\n\t\t\t\t\n\t\t\t\t\t\t\t\t\t<div class=\"elementor-cta__button-wrapper elementor-cta__content-item elementor-content-item\">\n\t\t\t\t\t<a class=\"elementor-cta__button elementor-button elementor-size-\" href=\"https:\/\/www.damarl.com\/en\/iluminacion-para-taller\/\">\n\t\t\t\t\t\tSee more\t\t\t\t\t<\/a>\n\t\t\t\t\t<\/div>\n\t\t\t\t\t\t\t<\/div>\n\t\t\t\t\t\t<\/div>\n\t\t\t\t\t\t<\/div>\n\t\t\t\t<\/div>\n\t\t\t\t<\/div>\n\t\t<div class=\"elementor-element elementor-element-905f223 e-con-full e-flex e-con e-child\" data-id=\"905f223\" data-element_type=\"container\">\n\t\t\t\t<div class=\"elementor-element elementor-element-a3fdeaf elementor-cta--skin-cover elementor-widget elementor-widget-call-to-action\" data-id=\"a3fdeaf\" data-element_type=\"widget\" data-widget_type=\"call-to-action.default\">\n\t\t\t\t<div class=\"elementor-widget-container\">\n\t\t\t\t\t\t\t<div class=\"elementor-cta\">\n\t\t\t\t\t<div class=\"elementor-cta__bg-wrapper\">\n\t\t\t\t<div class=\"elementor-cta__bg elementor-bg\" style=\"background-image: url(https:\/\/www.damarl.com\/wp-content\/uploads\/2023\/08\/BANNER_EQUIPAMIENTO-TALLER-1-1536x480.jpg);\" role=\"img\" aria-label=\"BANNER_EQUIPAMIENTO-TALLER-1\"><\/div>\n\t\t\t\t<div class=\"elementor-cta__bg-overlay\"><\/div>\n\t\t\t<\/div>\n\t\t\t\t\t\t\t<div class=\"elementor-cta__content\">\n\t\t\t\t\n\t\t\t\t\t\t\t\t\t<h2 class=\"elementor-cta__title elementor-cta__content-item elementor-content-item\">\n\t\t\t\t\t\tWORKSHOP EQUIPMENT\t\t\t\t\t<\/h2>\n\t\t\t\t\n\t\t\t\t\n\t\t\t\t\t\t\t\t\t<div class=\"elementor-cta__button-wrapper elementor-cta__content-item elementor-content-item\">\n\t\t\t\t\t<a class=\"elementor-cta__button elementor-button elementor-size-\" href=\"https:\/\/www.damarl.com\/en\/equipamiento-de-taller\/\">\n\t\t\t\t\t\tSee more\t\t\t\t\t<\/a>\n\t\t\t\t\t<\/div>\n\t\t\t\t\t\t\t<\/div>\n\t\t\t\t\t\t<\/div>\n\t\t\t\t\t\t<\/div>\n\t\t\t\t<\/div>\n\t\t\t\t<\/div>\n\t\t\t\t\t<\/div>\n\t\t\t\t<\/div>\n\t\t<div class=\"elementor-element elementor-element-9f2a469 e-flex e-con-boxed e-con e-parent\" data-id=\"9f2a469\" data-element_type=\"container\">\n\t\t\t\t\t<div class=\"e-con-inner\">\n\t\t<div class=\"elementor-element elementor-element-57f8697 e-con-full e-flex e-con e-child\" data-id=\"57f8697\" data-element_type=\"container\">\n\t\t\t\t<div class=\"elementor-element elementor-element-e3597e5 elementor-cta--skin-cover elementor-widget elementor-widget-call-to-action\" data-id=\"e3597e5\" data-element_type=\"widget\" data-widget_type=\"call-to-action.default\">\n\t\t\t\t<div class=\"elementor-widget-container\">\n\t\t\t\t\t\t\t<div class=\"elementor-cta\">\n\t\t\t\t\t<div class=\"elementor-cta__bg-wrapper\">\n\t\t\t\t<div class=\"elementor-cta__bg elementor-bg\" style=\"background-image: url(https:\/\/www.damarl.com\/wp-content\/uploads\/2023\/08\/BANNER_LUBRICACION-1-1536x480.jpg);\" role=\"img\" aria-label=\"BANNER_LUBRICACION-1\"><\/div>\n\t\t\t\t<div class=\"elementor-cta__bg-overlay\"><\/div>\n\t\t\t<\/div>\n\t\t\t\t\t\t\t<div class=\"elementor-cta__content\">\n\t\t\t\t\n\t\t\t\t\t\t\t\t\t<h2 class=\"elementor-cta__title elementor-cta__content-item elementor-content-item\">\n\t\t\t\t\t\tEQUIPOS DE LUBRICACI\u00d3N\t\t\t\t\t<\/h2>\n\t\t\t\t\n\t\t\t\t\n\t\t\t\t\t\t\t\t\t<div class=\"elementor-cta__button-wrapper elementor-cta__content-item elementor-content-item\">\n\t\t\t\t\t<a class=\"elementor-cta__button elementor-button elementor-size-\" href=\"https:\/\/www.damarl.com\/en\/equipo-de-lubricacion\/\">\n\t\t\t\t\t\tSee more\t\t\t\t\t<\/a>\n\t\t\t\t\t<\/div>\n\t\t\t\t\t\t\t<\/div>\n\t\t\t\t\t\t<\/div>\n\t\t\t\t\t\t<\/div>\n\t\t\t\t<\/div>\n\t\t\t\t<\/div>\n\t\t<div class=\"elementor-element elementor-element-f65f796 e-con-full e-flex e-con e-child\" data-id=\"f65f796\" data-element_type=\"container\">\n\t\t\t\t<div class=\"elementor-element elementor-element-b54b65c elementor-cta--skin-cover elementor-widget elementor-widget-call-to-action\" data-id=\"b54b65c\" data-element_type=\"widget\" data-widget_type=\"call-to-action.default\">\n\t\t\t\t<div class=\"elementor-widget-container\">\n\t\t\t\t\t\t\t<div class=\"elementor-cta\">\n\t\t\t\t\t<div class=\"elementor-cta__bg-wrapper\">\n\t\t\t\t<div class=\"elementor-cta__bg elementor-bg\" style=\"background-image: url(https:\/\/www.damarl.com\/wp-content\/uploads\/2023\/08\/BANNER_NEUMATICA-1-1536x480.jpg);\" role=\"img\" aria-label=\"BANNER_NEUMATICA-1\"><\/div>\n\t\t\t\t<div class=\"elementor-cta__bg-overlay\"><\/div>\n\t\t\t<\/div>\n\t\t\t\t\t\t\t<div class=\"elementor-cta__content\">\n\t\t\t\t\n\t\t\t\t\t\t\t\t\t<h2 class=\"elementor-cta__title elementor-cta__content-item elementor-content-item\">\n\t\t\t\t\t\tHERRAMIENTA Y <br>LORRY ACCESSORIES\t\t\t\t\t<\/h2>\n\t\t\t\t\n\t\t\t\t\n\t\t\t\t\t\t\t\t\t<div class=\"elementor-cta__button-wrapper elementor-cta__content-item elementor-content-item\">\n\t\t\t\t\t<a class=\"elementor-cta__button elementor-button elementor-size-\" href=\"https:\/\/www.damarl.com\/en\/herramienta-y-accesorios-para-camion\/\">\n\t\t\t\t\t\tSee more\t\t\t\t\t<\/a>\n\t\t\t\t\t<\/div>\n\t\t\t\t\t\t\t<\/div>\n\t\t\t\t\t\t<\/div>\n\t\t\t\t\t\t<\/div>\n\t\t\t\t<\/div>\n\t\t\t\t<\/div>\n\t\t\t\t\t<\/div>\n\t\t\t\t<\/div>\n\t\t\t\t<section class=\"elementor-section elementor-top-section elementor-element elementor-element-8c7bc09 elementor-section-boxed elementor-section-height-default elementor-section-height-default\" data-id=\"8c7bc09\" data-element_type=\"section\" data-settings=\"{&quot;background_background&quot;:&quot;classic&quot;}\">\n\t\t\t\t\t\t<div class=\"elementor-container elementor-column-gap-default\">\n\t\t\t\t\t<div class=\"elementor-column elementor-col-50 elementor-top-column elementor-element elementor-element-e3d8b25\" data-id=\"e3d8b25\" data-element_type=\"column\">\n\t\t\t<div class=\"elementor-widget-wrap elementor-element-populated\">\n\t\t\t\t\t\t<div class=\"elementor-element elementor-element-dd580f6 elementor-widget elementor-widget-heading\" data-id=\"dd580f6\" data-element_type=\"widget\" data-widget_type=\"heading.default\">\n\t\t\t\t<div class=\"elementor-widget-container\">\n\t\t\t\t\t<h2 class=\"elementor-heading-title elementor-size-default translation-block\">DAMA RL <br> CATALOGUE<\/h2>\t\t\t\t<\/div>\n\t\t\t\t<\/div>\n\t\t\t\t<div class=\"elementor-element elementor-element-df46edc elementor-align-center elementor-widget elementor-widget-button\" data-id=\"df46edc\" data-element_type=\"widget\" data-widget_type=\"button.default\">\n\t\t\t\t<div class=\"elementor-widget-container\">\n\t\t\t\t\t\t\t\t\t<div class=\"elementor-button-wrapper\">\n\t\t\t\t\t<a class=\"elementor-button elementor-button-link elementor-size-sm\" href=\"https:\/\/www.damarl.com\/wp-content\/uploads\/2024\/10\/CATALOGO-DAMA-RL_2024_V6.pdf\">\n\t\t\t\t\t\t<span class=\"elementor-button-content-wrapper\">\n\t\t\t\t\t\t\t\t\t<span class=\"elementor-button-text\">Download<\/span>\n\t\t\t\t\t<\/span>\n\t\t\t\t\t<\/a>\n\t\t\t\t<\/div>\n\t\t\t\t\t\t\t\t<\/div>\n\t\t\t\t<\/div>\n\t\t\t\t\t<\/div>\n\t\t<\/div>\n\t\t\t\t<div class=\"elementor-column elementor-col-50 elementor-top-column elementor-element elementor-element-2ca2dc5\" data-id=\"2ca2dc5\" data-element_type=\"column\">\n\t\t\t<div class=\"elementor-widget-wrap elementor-element-populated\">\n\t\t\t\t\t\t<div class=\"elementor-element elementor-element-0dacb6a elementor-widget elementor-widget-image\" data-id=\"0dacb6a\" data-element_type=\"widget\" data-widget_type=\"image.default\">\n\t\t\t\t<div class=\"elementor-widget-container\">\n\t\t\t\t\t\t\t\t\t\t\t\t\t\t\t<img fetchpriority=\"high\" decoding=\"async\" width=\"1200\" height=\"1200\" src=\"https:\/\/www.damarl.com\/wp-content\/uploads\/2024\/05\/catalogo-damarl-suministros-dama.png\" class=\"attachment-1536x1536 size-1536x1536 wp-image-6129\" alt=\"cat\u00e1logo de productos damarl suministros dama\" srcset=\"https:\/\/www.damarl.com\/wp-content\/uploads\/2024\/05\/catalogo-damarl-suministros-dama.png 1200w, https:\/\/www.damarl.com\/wp-content\/uploads\/2024\/05\/catalogo-damarl-suministros-dama-300x300.png 300w, https:\/\/www.damarl.com\/wp-content\/uploads\/2024\/05\/catalogo-damarl-suministros-dama-1024x1024.png 1024w, https:\/\/www.damarl.com\/wp-content\/uploads\/2024\/05\/catalogo-damarl-suministros-dama-150x150.png 150w, https:\/\/www.damarl.com\/wp-content\/uploads\/2024\/05\/catalogo-damarl-suministros-dama-768x768.png 768w, https:\/\/www.damarl.com\/wp-content\/uploads\/2024\/05\/catalogo-damarl-suministros-dama-12x12.png 12w, https:\/\/www.damarl.com\/wp-content\/uploads\/2024\/05\/catalogo-damarl-suministros-dama-600x600.png 600w, https:\/\/www.damarl.com\/wp-content\/uploads\/2024\/05\/catalogo-damarl-suministros-dama-100x100.png 100w, https:\/\/www.damarl.com\/wp-content\/uploads\/2024\/05\/catalogo-damarl-suministros-dama-64x64.png 64w\" sizes=\"(max-width: 1200px) 100vw, 1200px\" title=\"\">\t\t\t\t\t\t\t\t\t\t\t\t\t\t\t<\/div>\n\t\t\t\t<\/div>\n\t\t\t\t\t<\/div>\n\t\t<\/div>\n\t\t\t\t\t<\/div>\n\t\t<\/section>\n\t\t\t\t<\/div>","protected":false},"excerpt":{"rendered":"<p>Herramientas de taller profesionales Mobiliario de Taller \u2022 Hidr\u00e1ulica \u2022 Neum\u00e1tica \u2022 Lubricaci\u00f3n\u00a0 \u2022 Equipos de Lubricaci\u00f3n \u2022 Equipamiento de Taller\u2022 Herramienta y Accesorios de Cami\u00f3n \u2022 Iluminaci\u00f3n de taller mobiliario de taller Ver m\u00e1s HIDR\u00c1ULICA DE TALLER Ver m\u00e1s neum\u00e1tica de taller Ver m\u00e1s HERRAMIENTAS A BATER\u00cdA Ver m\u00e1s ILUMINACI\u00d3N DE TALLER Ver m\u00e1s&#8230;<\/p>","protected":false},"author":1,"featured_media":0,"parent":0,"menu_order":0,"comment_status":"closed","ping_status":"closed","template":"elementor_header_footer","meta":{"_acf_changed":false,"_kad_post_transparent":"","_kad_post_title":"","_kad_post_layout":"","_kad_post_sidebar_id":"","_kad_post_content_style":"","_kad_post_vertical_padding":"","_kad_post_feature":"","_kad_post_feature_position":"","_kad_post_header":false,"_kad_post_footer":false,"_kad_post_classname":"","footnotes":""},"class_list":["post-3587","page","type-page","status-publish","hentry"],"acf":[],"_links":{"self":[{"href":"https:\/\/www.damarl.com\/en\/wp-json\/wp\/v2\/pages\/3587","targetHints":{"allow":["GET"]}}],"collection":[{"href":"https:\/\/www.damarl.com\/en\/wp-json\/wp\/v2\/pages"}],"about":[{"href":"https:\/\/www.damarl.com\/en\/wp-json\/wp\/v2\/types\/page"}],"author":[{"embeddable":true,"href":"https:\/\/www.damarl.com\/en\/wp-json\/wp\/v2\/users\/1"}],"replies":[{"embeddable":true,"href":"https:\/\/www.damarl.com\/en\/wp-json\/wp\/v2\/comments?post=3587"}],"version-history":[{"count":0,"href":"https:\/\/www.damarl.com\/en\/wp-json\/wp\/v2\/pages\/3587\/revisions"}],"wp:attachment":[{"href":"https:\/\/www.damarl.com\/en\/wp-json\/wp\/v2\/media?parent=3587"}],"curies":[{"name":"wp","href":"https:\/\/api.w.org\/{rel}","templated":true}]}}